{"id":5032,"date":"2020-01-13T16:06:35","date_gmt":"2020-01-13T15:06:35","guid":{"rendered":"https:\/\/nexusinstitut.de\/about-us\/nicolas-bach\/"},"modified":"2025-12-08T12:55:19","modified_gmt":"2025-12-08T11:55:19","slug":"nicolas-bach","status":"publish","type":"page","link":"https:\/\/nexusinstitut.de\/en\/about-us\/nicolas-bach\/","title":{"rendered":"Nicolas Bach"},"content":{"rendered":"<div class=\"fusion-fullwidth fullwidth-box fusion-builder-row-1 fusion-flex-container nonhundred-percent-fullwidth non-hundred-percent-height-scrolling\" style=\"--awb-border-radius-top-left:0px;--awb-border-radius-top-right:0px;--awb-border-radius-bottom-right:0px;--awb-border-radius-bottom-left:0px;--awb-padding-top:5%;--awb-padding-bottom:5%;--awb-margin-bottom:0px;--awb-background-color:#f5fafa;--awb-flex-wrap:wrap;\" ><div class=\"fusion-builder-row fusion-row fusion-flex-align-items-flex-start fusion-flex-content-wrap\" style=\"max-width:1144px;margin-left: calc(-4% \/ 2 );margin-right: calc(-4% \/ 2 );\"><div class=\"fusion-layout-column fusion_builder_column fusion-builder-column-0 fusion_builder_column_1_3 1_3 fusion-flex-column\" style=\"--awb-bg-blend:overlay;--awb-bg-size:cover;--awb-width-large:33.333333333333%;--awb-margin-top-large:0px;--awb-spacing-right-large:5.76%;--awb-margin-bottom-large:20px;--awb-spacing-left-large:5.76%;--awb-width-medium:100%;--awb-spacing-right-medium:1.92%;--awb-spacing-left-medium:1.92%;--awb-width-small:100%;--awb-spacing-right-small:1.92%;--awb-spacing-left-small:1.92%;\"><div class=\"fusion-column-wrapper fusion-flex-justify-content-flex-start fusion-content-layout-column\"><div class=\"fusion-image-element \" style=\"--awb-caption-title-font-family:var(--h2_typography-font-family);--awb-caption-title-font-weight:var(--h2_typography-font-weight);--awb-caption-title-font-style:var(--h2_typography-font-style);--awb-caption-title-size:var(--h2_typography-font-size);--awb-caption-title-transform:var(--h2_typography-text-transform);--awb-caption-title-line-height:var(--h2_typography-line-height);--awb-caption-title-letter-spacing:var(--h2_typography-letter-spacing);\"><span class=\" fusion-imageframe imageframe-none imageframe-1 hover-type-none\"><img decoding=\"async\" width=\"900\" height=\"1200\" src=\"https:\/\/nexusinstitut.de\/wp-content\/uploads\/2018\/11\/Nicolas-Bach.jpg\" data-orig-src=\"https:\/\/nexusinstitut.de\/wp-content\/uploads\/2018\/11\/Nicolas-Bach.jpg\" alt class=\"lazyload img-responsive wp-image-2958\" srcset=\"data:image\/svg+xml,%3Csvg%20xmlns%3D%27http%3A%2F%2Fwww.w3.org%2F2000%2Fsvg%27%20width%3D%27900%27%20height%3D%271200%27%20viewBox%3D%270%200%20900%201200%27%3E%3Crect%20width%3D%27900%27%20height%3D%271200%27%20fill-opacity%3D%220%22%2F%3E%3C%2Fsvg%3E\" data-srcset=\"https:\/\/nexusinstitut.de\/wp-content\/uploads\/2018\/11\/Nicolas-Bach-200x267.jpg 200w, https:\/\/nexusinstitut.de\/wp-content\/uploads\/2018\/11\/Nicolas-Bach-400x533.jpg 400w, https:\/\/nexusinstitut.de\/wp-content\/uploads\/2018\/11\/Nicolas-Bach-600x800.jpg 600w, https:\/\/nexusinstitut.de\/wp-content\/uploads\/2018\/11\/Nicolas-Bach-800x1067.jpg 800w, https:\/\/nexusinstitut.de\/wp-content\/uploads\/2018\/11\/Nicolas-Bach.jpg 900w\" data-sizes=\"auto\" data-orig-sizes=\"(max-width: 1024px) 100vw, (max-width: 640px) 100vw, 400px\" \/><\/span><\/div><\/div><\/div><div class=\"fusion-layout-column fusion_builder_column fusion-builder-column-1 fusion_builder_column_2_3 2_3 fusion-flex-column\" style=\"--awb-bg-blend:overlay;--awb-bg-size:cover;--awb-width-large:66.666666666667%;--awb-margin-top-large:0px;--awb-spacing-right-large:2.88%;--awb-margin-bottom-large:20px;--awb-spacing-left-large:2.88%;--awb-width-medium:100%;--awb-spacing-right-medium:1.92%;--awb-spacing-left-medium:1.92%;--awb-width-small:100%;--awb-spacing-right-small:1.92%;--awb-spacing-left-small:1.92%;\"><div class=\"fusion-column-wrapper fusion-flex-justify-content-flex-start fusion-content-layout-column\"><div class=\"fusion-text fusion-text-1\"><h1 data-fontsize=\"48\" data-lineheight=\"60\"><strong>Nicolas Bach<\/strong><\/h1>\n<p>Research Associate<br \/>\nTel.: +49 30 4220664-03<br \/>\nbach@nexusinstitut.de<\/p>\n<\/div><div class=\"fusion-separator\" style=\"align-self: flex-start;margin-right:auto;margin-top:0px;margin-bottom:5%;width:100%;max-width:80%;\"><div class=\"fusion-separator-border sep-single sep-solid\" style=\"--awb-height:20px;--awb-amount:20px;--awb-sep-color:#54e881;border-color:#54e881;border-top-width:1px;\"><\/div><\/div>\n<div class=\"fusion-text fusion-text-2\"><p>Nicolas Bach has been a research assistant at the nexus Institute since 2006.<\/p>\n<p>He studied philosophy and Eastern European studies at FU Berlin, specializing in political and civil society transformation processes.<\/p>\n<p>His work at the nexus Institute focuses on participatory democracy, civil society, the use and implementation of participatory processes, and e-participation. Nicolas Bach has extensive experience in the organisation, implementation, and evaluation of various participation methods, such as planning cells, citizens&#8217; councils, focus groups, citizens&#8217; workshops etc. He has moderated various participation projects, including the projects Expert Dialogues on Deliberative Democracy, Citizens&#8217; Discussions and Participation Strategy on Tempelhofer Freiheit, Creative Workshop on Sustainable Consumption and Planning Cells \/ Citizens&#8217; Expert Opinions on the possible construction of a cable car in Wuppertal.<\/p>\n<\/div><div class=\"fusion-separator\" style=\"align-self: flex-start;margin-right:auto;margin-top:0px;margin-bottom:5%;width:100%;max-width:80%;\"><div class=\"fusion-separator-border sep-single sep-solid\" style=\"--awb-height:20px;--awb-amount:20px;--awb-sep-color:#54e881;border-color:#54e881;border-top-width:1px;\"><\/div><\/div>\n<div class=\"fusion-text fusion-text-3\"><h2>Publications (selection)<\/h2>\n<p class=\"moz-quote-pre\">Bach, Nicolas; B\u00f6hm, Birgit: Online- und Offline-Methoden kombinieren. Innovative Verwaltung, 1-2\/2018<\/p>\n<p>Bach, Nicolas; Angela Jain; Ansgar D\u00fcben; Birgit B\u00f6hm; Christine von Blanckenburg; Alva Bonaker; Am\u00e9lie Bonarius: B\u00fcrgergutachten Planungszellen zur Entwicklung des Quartiers am Tempelhofer Damm. Senatsverwaltung f\u00fcr Stadtentwicklung und Umwelt (Hrsg.).<\/p>\n<p>Bach, Nicolas; Birgit B\u00f6hm; Hans-Liudger Dienel (nexus); Sophia Alc\u00e1ntara; Rainer Kuhn; Ortwin Renn (DIALOGIK gemeinn\u00fctzige Gesellschaft f\u00fcr Kommunikations- und Kooperationsforschung mbH, Stuttgart); Peter Ullrich; Carolin Schr\u00f6der; Heike Walk (Zentrum Technik und Gesellschaft der Technischen Universit\u00e4t Berlin): DELIKAT \u2013 Fachdialoge Deliberative Demokratie. Analyse Partizipativer Verfahren f\u00fcr den Transformationsprozess. TEXTE 31\/2014. Umweltforschungsplan des Bundesministeriums f\u00fcr Umwelt, Naturschutz, Bau und Reaktorsicherheit. Forschungskennzahl 3712 11 101, UBA-FB 001901. Auftraggeber: Umweltbundesamt.<\/p>\n<p>Apfelbaum, Birgit; Nicolas Bach, Susan Worch: B\u00fcrgergutachten zur Nutzung des Ochsenteichgel\u00e4ndes Wernigerode, Hochschule Harz, Halberstadt, 2013.<\/p>\n<p>Bach, Nicolas, Horvath, L.: Der Einfluss neuer Technologien aus die Privatsph\u00e4re, In: Technikfolgenabsch\u00e4tzung &#8211; Theorie und Praxis, 19. Jg., Heft 3, Dezember 2010, Karlsruher Institut f\u00fcr Technik (KIT)\/Institut f\u00fcr Technikfolgenabsch\u00e4tzung und Systemanalyse (ITAS), 2010<\/p>\n<p>Bach, Nicolas; Reiter, J., B\u00f6hm, B., Walk, H.: Elektronische Petitionen und andere Modernisierungstrends im Petitionswesen bei den europ\u00e4ischen Parlamenten. Eine Bestandsaufnahme, Berlin, 2010.<\/p>\n<p>Bach, Nicolas; Daphne Reim: Ergebnisbericht zur Kreativwerkstatt Nachhaltiger Konsum vom 13. Oktober 2009. Hans-Liudger Dienel \/ nexus (Hg.), Berlin, 2009.<\/p>\n<p>B\u00f6hm , Birgit; Nicolas Bach; Hans-Liudger Dienel; Ansgar D\u00fcben: Verl\u00e4sslich, Verantwortlich, B\u00fcrgernah. B\u00fcrgergutachten zu den Eckpunkten der Kommunal- und Verwaltungsreform in Rheinland-Pfalz. nexus Institut f\u00fcr Kooperationsmanagement und interdisziplin\u00e4re Forschung (Hg.). Auftraggeber: Ministerium des Innern und f\u00fcr Sport Rheinland-Pfalz, Mainz\/Berlin, 2008.<\/p>\n<p>de Abreu, N., Bach, N., Reiter, J., Schr\u00f6ter, E., Walk, H.: Das Petitionswesen im internationalen Vergleich unter besonderer Ber\u00fccksichtigung neuer Informations- und Kommunikationstechnologien, Berlin, 2007.<\/p>\n<p>Bach, Nicolas; Hans-Liudger Dienel (Hg.): European Citizens&#8217; Consultation. Citizens&#8217; Report: Key Points for an Open, Ecological and Civil Europe. Berlin 2007.<\/p>\n<\/div><\/div><\/div><\/div><\/div>\n","protected":false},"excerpt":{"rendered":"","protected":false},"author":6,"featured_media":0,"parent":3285,"menu_order":0,"comment_status":"closed","ping_status":"closed","template":"100-width.php","meta":{"footnotes":""},"class_list":["post-5032","page","type-page","status-publish","hentry"],"yoast_head":"<!-- This site is optimized with the Yoast SEO plugin v27.5 - https:\/\/yoast.com\/product\/yoast-seo-wordpress\/ -->\n<title>Nicolas Bach - Research Associate<\/title>\n<meta name=\"description\" content=\"nexus&#039; work focuses and competences: Knowledge and Cooperation Management Mobility Research (Historical) Innovation Research\" \/>\n<meta name=\"robots\" content=\"index, follow, max-snippet:-1, max-image-preview:large, max-video-preview:-1\" \/>\n<link rel=\"canonical\" href=\"https:\/\/nexusinstitut.de\/en\/about-us\/nicolas-bach\/\" \/>\n<meta property=\"og:locale\" content=\"en_US\" \/>\n<meta property=\"og:type\" content=\"article\" \/>\n<meta property=\"og:title\" content=\"Nicolas Bach - Research Associate\" \/>\n<meta property=\"og:description\" content=\"nexus&#039; work focuses and competences: Knowledge and Cooperation Management Mobility Research (Historical) Innovation Research\" \/>\n<meta property=\"og:url\" content=\"https:\/\/nexusinstitut.de\/en\/about-us\/nicolas-bach\/\" \/>\n<meta property=\"og:site_name\" content=\"nexus\" \/>\n<meta property=\"article:modified_time\" content=\"2025-12-08T11:55:19+00:00\" \/>\n<meta name=\"twitter:card\" content=\"summary_large_image\" \/>\n<meta name=\"twitter:label1\" content=\"Est. reading time\" \/>\n\t<meta name=\"twitter:data1\" content=\"4 minutes\" \/>\n<script type=\"application\/ld+json\" class=\"yoast-schema-graph\">{\"@context\":\"https:\\\/\\\/schema.org\",\"@graph\":[{\"@type\":\"WebPage\",\"@id\":\"https:\\\/\\\/nexusinstitut.de\\\/en\\\/about-us\\\/nicolas-bach\\\/\",\"url\":\"https:\\\/\\\/nexusinstitut.de\\\/en\\\/about-us\\\/nicolas-bach\\\/\",\"name\":\"Nicolas Bach - Research Associate\",\"isPartOf\":{\"@id\":\"https:\\\/\\\/nexusinstitut.de\\\/en\\\/#website\"},\"datePublished\":\"2020-01-13T15:06:35+00:00\",\"dateModified\":\"2025-12-08T11:55:19+00:00\",\"description\":\"nexus' work focuses and competences: Knowledge and Cooperation Management Mobility Research (Historical) Innovation Research\",\"breadcrumb\":{\"@id\":\"https:\\\/\\\/nexusinstitut.de\\\/en\\\/about-us\\\/nicolas-bach\\\/#breadcrumb\"},\"inLanguage\":\"en-US\",\"potentialAction\":[{\"@type\":\"ReadAction\",\"target\":[\"https:\\\/\\\/nexusinstitut.de\\\/en\\\/about-us\\\/nicolas-bach\\\/\"]}]},{\"@type\":\"BreadcrumbList\",\"@id\":\"https:\\\/\\\/nexusinstitut.de\\\/en\\\/about-us\\\/nicolas-bach\\\/#breadcrumb\",\"itemListElement\":[{\"@type\":\"ListItem\",\"position\":1,\"name\":\"Startseite\",\"item\":\"https:\\\/\\\/nexusinstitut.de\\\/en\\\/\"},{\"@type\":\"ListItem\",\"position\":2,\"name\":\"About us\",\"item\":\"https:\\\/\\\/nexusinstitut.de\\\/en\\\/about-us\\\/\"},{\"@type\":\"ListItem\",\"position\":3,\"name\":\"Nicolas Bach\"}]},{\"@type\":\"WebSite\",\"@id\":\"https:\\\/\\\/nexusinstitut.de\\\/en\\\/#website\",\"url\":\"https:\\\/\\\/nexusinstitut.de\\\/en\\\/\",\"name\":\"nexus\",\"description\":\"Institut f\u00fcr Forschung, Beratung und Beteiligung\",\"publisher\":{\"@id\":\"https:\\\/\\\/nexusinstitut.de\\\/en\\\/#organization\"},\"potentialAction\":[{\"@type\":\"SearchAction\",\"target\":{\"@type\":\"EntryPoint\",\"urlTemplate\":\"https:\\\/\\\/nexusinstitut.de\\\/en\\\/?s={search_term_string}\"},\"query-input\":{\"@type\":\"PropertyValueSpecification\",\"valueRequired\":true,\"valueName\":\"search_term_string\"}}],\"inLanguage\":\"en-US\"},{\"@type\":\"Organization\",\"@id\":\"https:\\\/\\\/nexusinstitut.de\\\/en\\\/#organization\",\"name\":\"nexus Institut\",\"url\":\"https:\\\/\\\/nexusinstitut.de\\\/en\\\/\",\"logo\":{\"@type\":\"ImageObject\",\"inLanguage\":\"en-US\",\"@id\":\"https:\\\/\\\/nexusinstitut.de\\\/en\\\/#\\\/schema\\\/logo\\\/image\\\/\",\"url\":\"https:\\\/\\\/nexusinstitut.de\\\/wp-content\\\/uploads\\\/2019\\\/01\\\/nexus-Logo.png\",\"contentUrl\":\"https:\\\/\\\/nexusinstitut.de\\\/wp-content\\\/uploads\\\/2019\\\/01\\\/nexus-Logo.png\",\"width\":569,\"height\":278,\"caption\":\"nexus Institut\"},\"image\":{\"@id\":\"https:\\\/\\\/nexusinstitut.de\\\/en\\\/#\\\/schema\\\/logo\\\/image\\\/\"}}]}<\/script>\n<!-- \/ Yoast SEO plugin. -->","yoast_head_json":{"title":"Nicolas Bach - Research Associate","description":"nexus' work focuses and competences: Knowledge and Cooperation Management Mobility Research (Historical) Innovation Research","robots":{"index":"index","follow":"follow","max-snippet":"max-snippet:-1","max-image-preview":"max-image-preview:large","max-video-preview":"max-video-preview:-1"},"canonical":"https:\/\/nexusinstitut.de\/en\/about-us\/nicolas-bach\/","og_locale":"en_US","og_type":"article","og_title":"Nicolas Bach - Research Associate","og_description":"nexus' work focuses and competences: Knowledge and Cooperation Management Mobility Research (Historical) Innovation Research","og_url":"https:\/\/nexusinstitut.de\/en\/about-us\/nicolas-bach\/","og_site_name":"nexus","article_modified_time":"2025-12-08T11:55:19+00:00","twitter_card":"summary_large_image","twitter_misc":{"Est. reading time":"4 minutes"},"schema":{"@context":"https:\/\/schema.org","@graph":[{"@type":"WebPage","@id":"https:\/\/nexusinstitut.de\/en\/about-us\/nicolas-bach\/","url":"https:\/\/nexusinstitut.de\/en\/about-us\/nicolas-bach\/","name":"Nicolas Bach - Research Associate","isPartOf":{"@id":"https:\/\/nexusinstitut.de\/en\/#website"},"datePublished":"2020-01-13T15:06:35+00:00","dateModified":"2025-12-08T11:55:19+00:00","description":"nexus' work focuses and competences: Knowledge and Cooperation Management Mobility Research (Historical) Innovation Research","breadcrumb":{"@id":"https:\/\/nexusinstitut.de\/en\/about-us\/nicolas-bach\/#breadcrumb"},"inLanguage":"en-US","potentialAction":[{"@type":"ReadAction","target":["https:\/\/nexusinstitut.de\/en\/about-us\/nicolas-bach\/"]}]},{"@type":"BreadcrumbList","@id":"https:\/\/nexusinstitut.de\/en\/about-us\/nicolas-bach\/#breadcrumb","itemListElement":[{"@type":"ListItem","position":1,"name":"Startseite","item":"https:\/\/nexusinstitut.de\/en\/"},{"@type":"ListItem","position":2,"name":"About us","item":"https:\/\/nexusinstitut.de\/en\/about-us\/"},{"@type":"ListItem","position":3,"name":"Nicolas Bach"}]},{"@type":"WebSite","@id":"https:\/\/nexusinstitut.de\/en\/#website","url":"https:\/\/nexusinstitut.de\/en\/","name":"nexus","description":"Institut f\u00fcr Forschung, Beratung und Beteiligung","publisher":{"@id":"https:\/\/nexusinstitut.de\/en\/#organization"},"potentialAction":[{"@type":"SearchAction","target":{"@type":"EntryPoint","urlTemplate":"https:\/\/nexusinstitut.de\/en\/?s={search_term_string}"},"query-input":{"@type":"PropertyValueSpecification","valueRequired":true,"valueName":"search_term_string"}}],"inLanguage":"en-US"},{"@type":"Organization","@id":"https:\/\/nexusinstitut.de\/en\/#organization","name":"nexus Institut","url":"https:\/\/nexusinstitut.de\/en\/","logo":{"@type":"ImageObject","inLanguage":"en-US","@id":"https:\/\/nexusinstitut.de\/en\/#\/schema\/logo\/image\/","url":"https:\/\/nexusinstitut.de\/wp-content\/uploads\/2019\/01\/nexus-Logo.png","contentUrl":"https:\/\/nexusinstitut.de\/wp-content\/uploads\/2019\/01\/nexus-Logo.png","width":569,"height":278,"caption":"nexus Institut"},"image":{"@id":"https:\/\/nexusinstitut.de\/en\/#\/schema\/logo\/image\/"}}]}},"_links":{"self":[{"href":"https:\/\/nexusinstitut.de\/en\/wp-json\/wp\/v2\/pages\/5032","targetHints":{"allow":["GET"]}}],"collection":[{"href":"https:\/\/nexusinstitut.de\/en\/wp-json\/wp\/v2\/pages"}],"about":[{"href":"https:\/\/nexusinstitut.de\/en\/wp-json\/wp\/v2\/types\/page"}],"author":[{"embeddable":true,"href":"https:\/\/nexusinstitut.de\/en\/wp-json\/wp\/v2\/users\/6"}],"replies":[{"embeddable":true,"href":"https:\/\/nexusinstitut.de\/en\/wp-json\/wp\/v2\/comments?post=5032"}],"version-history":[{"count":5,"href":"https:\/\/nexusinstitut.de\/en\/wp-json\/wp\/v2\/pages\/5032\/revisions"}],"predecessor-version":[{"id":18244,"href":"https:\/\/nexusinstitut.de\/en\/wp-json\/wp\/v2\/pages\/5032\/revisions\/18244"}],"up":[{"embeddable":true,"href":"https:\/\/nexusinstitut.de\/en\/wp-json\/wp\/v2\/pages\/3285"}],"wp:attachment":[{"href":"https:\/\/nexusinstitut.de\/en\/wp-json\/wp\/v2\/media?parent=5032"}],"curies":[{"name":"wp","href":"https:\/\/api.w.org\/{rel}","templated":true}]}}