{"id":15982,"date":"2024-10-11T15:08:09","date_gmt":"2024-10-11T13:08:09","guid":{"rendered":"https:\/\/nexusinstitut.de\/?page_id=15982"},"modified":"2025-10-16T17:46:43","modified_gmt":"2025-10-16T15:46:43","slug":"nexus-newsletter","status":"publish","type":"page","link":"https:\/\/nexusinstitut.de\/en\/nexus-newsletter\/","title":{"rendered":"nexus Newsletter"},"content":{"rendered":"<div class=\"fusion-fullwidth fullwidth-box fusion-builder-row-1 fusion-flex-container nonhundred-percent-fullwidth non-hundred-percent-height-scrolling\" style=\"--awb-border-radius-top-left:0px;--awb-border-radius-top-right:0px;--awb-border-radius-bottom-right:0px;--awb-border-radius-bottom-left:0px;--awb-flex-wrap:wrap;\" ><div class=\"fusion-builder-row fusion-row fusion-flex-align-items-flex-start fusion-flex-content-wrap\" style=\"max-width:1144px;margin-left: calc(-4% \/ 2 );margin-right: calc(-4% \/ 2 );\"><div class=\"fusion-layout-column fusion_builder_column fusion-builder-column-0 fusion_builder_column_4_5 4_5 fusion-flex-column\" style=\"--awb-padding-bottom:188px;--awb-bg-blend:overlay;--awb-bg-size:cover;--awb-width-large:80%;--awb-margin-top-large:0px;--awb-spacing-right-large:2.4%;--awb-margin-bottom-large:0px;--awb-spacing-left-large:2.4%;--awb-width-medium:100%;--awb-spacing-right-medium:1.92%;--awb-spacing-left-medium:1.92%;--awb-width-small:100%;--awb-spacing-right-small:1.92%;--awb-spacing-left-small:1.92%;\"><div class=\"fusion-column-wrapper fusion-flex-justify-content-flex-start fusion-content-layout-column\"><div class=\"fusion-text fusion-text-1\"><h1 class=\"fusion-responsive-typography-calculated\" style=\"--fontsize: 40; line-height: 1.35; color: #0a0f3c;\" data-fontsize=\"40\" data-lineheight=\"54px\"><span style=\"color: #f96643;\">nexus Newsletter<\/span><\/h1>\n<p>Liebe Freundinnen und Freunde des nexus Instituts, liebe Interessierte,<br \/>\n<span style=\"color: var(--awb-text-color); font-family: var(--awb-text-font-family); font-size: var(--awb-font-size); font-style: var(--awb-text-font-style); font-weight: var(--awb-text-font-weight); letter-spacing: var(--awb-letter-spacing); text-align: var(--awb-content-alignment); text-transform: var(--awb-text-transform); background-color: var(--awb-bg-color-small-hover);\">wenn Sie auf dem Laufenden \u00fcber nexus bleiben m\u00f6chten, dann abonnieren Sie doch unseren Newsletter.<\/span><\/p>\n<p>Mit dem Absenden der Anmeldung auf der n\u00e4chsten Seite willigen Sie in die Verarbeitung Ihrer personenbezogenen Daten ein. Weitere Informationen finden Sie dazu in unserer Datenschutzerkl\u00e4rung.<\/p>\n<p>Wir verwenden Mailchimp als Dienstleister zum Versand der Mails. Wenn Sie das Formular ausf\u00fcllen und absenden, best\u00e4tigen Sie, dass die von Ihnen angegebenen Informationen an Mailchimp zur Bearbeitung gem\u00e4\u00df den <strong><a href=\"https:\/\/mailchimp.com\/de\/legal\/terms\/\">Nutzungsbedingungen<\/a><\/strong> \u00fcbertragen werden.<\/p>\n<p>Zur Anmeldemaske kommen Sie hier:<\/p>\n<\/div><div ><a class=\"fusion-button button-flat fusion-button-default-size button-default fusion-button-default button-1 fusion-button-default-span fusion-button-default-type\" style=\"--button-border-radius-top-left:50px;--button-border-radius-top-right:50px;--button-border-radius-bottom-right:50px;--button-border-radius-bottom-left:50px;\" target=\"_self\" href=\"http:\/\/eepurl.com\/iSf1PY\"><span class=\"fusion-button-text awb-button__text awb-button__text--default\"> Anmeldung<\/span><\/a><\/div><\/div><\/div><\/div><\/div>\n","protected":false},"excerpt":{"rendered":"","protected":false},"author":23,"featured_media":0,"parent":0,"menu_order":0,"comment_status":"closed","ping_status":"closed","template":"","meta":{"footnotes":""},"class_list":["post-15982","page","type-page","status-publish","hentry"],"yoast_head":"<!-- This site is optimized with the Yoast SEO plugin v27.4 - https:\/\/yoast.com\/product\/yoast-seo-wordpress\/ -->\n<title>nexus Newsletter - nexus<\/title>\n<meta name=\"robots\" content=\"index, follow, max-snippet:-1, max-image-preview:large, max-video-preview:-1\" \/>\n<link rel=\"canonical\" href=\"https:\/\/nexusinstitut.de\/en\/nexus-newsletter\/\" \/>\n<meta property=\"og:locale\" content=\"en_US\" \/>\n<meta property=\"og:type\" content=\"article\" \/>\n<meta property=\"og:title\" content=\"nexus Newsletter - nexus\" \/>\n<meta property=\"og:url\" content=\"https:\/\/nexusinstitut.de\/en\/nexus-newsletter\/\" \/>\n<meta property=\"og:site_name\" content=\"nexus\" \/>\n<meta property=\"article:modified_time\" content=\"2025-10-16T15:46:43+00:00\" \/>\n<meta name=\"twitter:card\" content=\"summary_large_image\" \/>\n<meta name=\"twitter:label1\" content=\"Est. reading time\" \/>\n\t<meta name=\"twitter:data1\" content=\"1 minute\" \/>\n<script type=\"application\/ld+json\" class=\"yoast-schema-graph\">{\"@context\":\"https:\\\/\\\/schema.org\",\"@graph\":[{\"@type\":\"WebPage\",\"@id\":\"https:\\\/\\\/nexusinstitut.de\\\/en\\\/nexus-newsletter\\\/\",\"url\":\"https:\\\/\\\/nexusinstitut.de\\\/en\\\/nexus-newsletter\\\/\",\"name\":\"nexus Newsletter - nexus\",\"isPartOf\":{\"@id\":\"https:\\\/\\\/nexusinstitut.de\\\/en\\\/#website\"},\"datePublished\":\"2024-10-11T13:08:09+00:00\",\"dateModified\":\"2025-10-16T15:46:43+00:00\",\"breadcrumb\":{\"@id\":\"https:\\\/\\\/nexusinstitut.de\\\/en\\\/nexus-newsletter\\\/#breadcrumb\"},\"inLanguage\":\"en-US\",\"potentialAction\":[{\"@type\":\"ReadAction\",\"target\":[\"https:\\\/\\\/nexusinstitut.de\\\/en\\\/nexus-newsletter\\\/\"]}]},{\"@type\":\"BreadcrumbList\",\"@id\":\"https:\\\/\\\/nexusinstitut.de\\\/en\\\/nexus-newsletter\\\/#breadcrumb\",\"itemListElement\":[{\"@type\":\"ListItem\",\"position\":1,\"name\":\"Startseite\",\"item\":\"https:\\\/\\\/nexusinstitut.de\\\/en\\\/\"},{\"@type\":\"ListItem\",\"position\":2,\"name\":\"nexus Newsletter\"}]},{\"@type\":\"WebSite\",\"@id\":\"https:\\\/\\\/nexusinstitut.de\\\/en\\\/#website\",\"url\":\"https:\\\/\\\/nexusinstitut.de\\\/en\\\/\",\"name\":\"nexus\",\"description\":\"Institut f\u00fcr Forschung, Beratung und Beteiligung\",\"publisher\":{\"@id\":\"https:\\\/\\\/nexusinstitut.de\\\/en\\\/#organization\"},\"potentialAction\":[{\"@type\":\"SearchAction\",\"target\":{\"@type\":\"EntryPoint\",\"urlTemplate\":\"https:\\\/\\\/nexusinstitut.de\\\/en\\\/?s={search_term_string}\"},\"query-input\":{\"@type\":\"PropertyValueSpecification\",\"valueRequired\":true,\"valueName\":\"search_term_string\"}}],\"inLanguage\":\"en-US\"},{\"@type\":\"Organization\",\"@id\":\"https:\\\/\\\/nexusinstitut.de\\\/en\\\/#organization\",\"name\":\"nexus Institut\",\"url\":\"https:\\\/\\\/nexusinstitut.de\\\/en\\\/\",\"logo\":{\"@type\":\"ImageObject\",\"inLanguage\":\"en-US\",\"@id\":\"https:\\\/\\\/nexusinstitut.de\\\/en\\\/#\\\/schema\\\/logo\\\/image\\\/\",\"url\":\"https:\\\/\\\/nexusinstitut.de\\\/wp-content\\\/uploads\\\/2019\\\/01\\\/nexus-Logo.png\",\"contentUrl\":\"https:\\\/\\\/nexusinstitut.de\\\/wp-content\\\/uploads\\\/2019\\\/01\\\/nexus-Logo.png\",\"width\":569,\"height\":278,\"caption\":\"nexus Institut\"},\"image\":{\"@id\":\"https:\\\/\\\/nexusinstitut.de\\\/en\\\/#\\\/schema\\\/logo\\\/image\\\/\"}}]}<\/script>\n<!-- \/ Yoast SEO plugin. -->","yoast_head_json":{"title":"nexus Newsletter - nexus","robots":{"index":"index","follow":"follow","max-snippet":"max-snippet:-1","max-image-preview":"max-image-preview:large","max-video-preview":"max-video-preview:-1"},"canonical":"https:\/\/nexusinstitut.de\/en\/nexus-newsletter\/","og_locale":"en_US","og_type":"article","og_title":"nexus Newsletter - nexus","og_url":"https:\/\/nexusinstitut.de\/en\/nexus-newsletter\/","og_site_name":"nexus","article_modified_time":"2025-10-16T15:46:43+00:00","twitter_card":"summary_large_image","twitter_misc":{"Est. reading time":"1 minute"},"schema":{"@context":"https:\/\/schema.org","@graph":[{"@type":"WebPage","@id":"https:\/\/nexusinstitut.de\/en\/nexus-newsletter\/","url":"https:\/\/nexusinstitut.de\/en\/nexus-newsletter\/","name":"nexus Newsletter - nexus","isPartOf":{"@id":"https:\/\/nexusinstitut.de\/en\/#website"},"datePublished":"2024-10-11T13:08:09+00:00","dateModified":"2025-10-16T15:46:43+00:00","breadcrumb":{"@id":"https:\/\/nexusinstitut.de\/en\/nexus-newsletter\/#breadcrumb"},"inLanguage":"en-US","potentialAction":[{"@type":"ReadAction","target":["https:\/\/nexusinstitut.de\/en\/nexus-newsletter\/"]}]},{"@type":"BreadcrumbList","@id":"https:\/\/nexusinstitut.de\/en\/nexus-newsletter\/#breadcrumb","itemListElement":[{"@type":"ListItem","position":1,"name":"Startseite","item":"https:\/\/nexusinstitut.de\/en\/"},{"@type":"ListItem","position":2,"name":"nexus Newsletter"}]},{"@type":"WebSite","@id":"https:\/\/nexusinstitut.de\/en\/#website","url":"https:\/\/nexusinstitut.de\/en\/","name":"nexus","description":"Institut f\u00fcr Forschung, Beratung und Beteiligung","publisher":{"@id":"https:\/\/nexusinstitut.de\/en\/#organization"},"potentialAction":[{"@type":"SearchAction","target":{"@type":"EntryPoint","urlTemplate":"https:\/\/nexusinstitut.de\/en\/?s={search_term_string}"},"query-input":{"@type":"PropertyValueSpecification","valueRequired":true,"valueName":"search_term_string"}}],"inLanguage":"en-US"},{"@type":"Organization","@id":"https:\/\/nexusinstitut.de\/en\/#organization","name":"nexus Institut","url":"https:\/\/nexusinstitut.de\/en\/","logo":{"@type":"ImageObject","inLanguage":"en-US","@id":"https:\/\/nexusinstitut.de\/en\/#\/schema\/logo\/image\/","url":"https:\/\/nexusinstitut.de\/wp-content\/uploads\/2019\/01\/nexus-Logo.png","contentUrl":"https:\/\/nexusinstitut.de\/wp-content\/uploads\/2019\/01\/nexus-Logo.png","width":569,"height":278,"caption":"nexus Institut"},"image":{"@id":"https:\/\/nexusinstitut.de\/en\/#\/schema\/logo\/image\/"}}]}},"_links":{"self":[{"href":"https:\/\/nexusinstitut.de\/en\/wp-json\/wp\/v2\/pages\/15982","targetHints":{"allow":["GET"]}}],"collection":[{"href":"https:\/\/nexusinstitut.de\/en\/wp-json\/wp\/v2\/pages"}],"about":[{"href":"https:\/\/nexusinstitut.de\/en\/wp-json\/wp\/v2\/types\/page"}],"author":[{"embeddable":true,"href":"https:\/\/nexusinstitut.de\/en\/wp-json\/wp\/v2\/users\/23"}],"replies":[{"embeddable":true,"href":"https:\/\/nexusinstitut.de\/en\/wp-json\/wp\/v2\/comments?post=15982"}],"version-history":[{"count":23,"href":"https:\/\/nexusinstitut.de\/en\/wp-json\/wp\/v2\/pages\/15982\/revisions"}],"predecessor-version":[{"id":17828,"href":"https:\/\/nexusinstitut.de\/en\/wp-json\/wp\/v2\/pages\/15982\/revisions\/17828"}],"wp:attachment":[{"href":"https:\/\/nexusinstitut.de\/en\/wp-json\/wp\/v2\/media?parent=15982"}],"curies":[{"name":"wp","href":"https:\/\/api.w.org\/{rel}","templated":true}]}}