{"id":11326,"date":"2023-03-01T13:22:17","date_gmt":"2023-03-01T12:22:17","guid":{"rendered":"https:\/\/nexusinstitut.de\/philipp-offermann\/"},"modified":"2025-12-08T12:56:21","modified_gmt":"2025-12-08T11:56:21","slug":"philipp-offermann","status":"publish","type":"page","link":"https:\/\/nexusinstitut.de\/en\/about-us\/philipp-offermann\/","title":{"rendered":"Philipp Offermann"},"content":{"rendered":"<div class=\"fusion-fullwidth fullwidth-box fusion-builder-row-1 fusion-flex-container nonhundred-percent-fullwidth non-hundred-percent-height-scrolling\" style=\"--awb-border-radius-top-left:0px;--awb-border-radius-top-right:0px;--awb-border-radius-bottom-right:0px;--awb-border-radius-bottom-left:0px;--awb-padding-top:5%;--awb-padding-bottom:5%;--awb-margin-bottom:0px;--awb-background-color:#f5fafa;--awb-flex-wrap:wrap;\" ><div class=\"fusion-builder-row fusion-row fusion-flex-align-items-flex-start fusion-flex-content-wrap\" style=\"max-width:1144px;margin-left: calc(-4% \/ 2 );margin-right: calc(-4% \/ 2 );\"><div class=\"fusion-layout-column fusion_builder_column fusion-builder-column-0 fusion_builder_column_1_3 1_3 fusion-flex-column\" style=\"--awb-bg-blend:overlay;--awb-bg-size:cover;--awb-width-large:33.333333333333%;--awb-margin-top-large:0px;--awb-spacing-right-large:5.76%;--awb-margin-bottom-large:20px;--awb-spacing-left-large:5.76%;--awb-width-medium:100%;--awb-spacing-right-medium:1.92%;--awb-spacing-left-medium:1.92%;--awb-width-small:100%;--awb-spacing-right-small:1.92%;--awb-spacing-left-small:1.92%;\"><div class=\"fusion-column-wrapper fusion-flex-justify-content-flex-start fusion-content-layout-column\"><div class=\"fusion-image-element \" style=\"--awb-caption-title-font-family:var(--h2_typography-font-family);--awb-caption-title-font-weight:var(--h2_typography-font-weight);--awb-caption-title-font-style:var(--h2_typography-font-style);--awb-caption-title-size:var(--h2_typography-font-size);--awb-caption-title-transform:var(--h2_typography-text-transform);--awb-caption-title-line-height:var(--h2_typography-line-height);--awb-caption-title-letter-spacing:var(--h2_typography-letter-spacing);\"><span class=\" fusion-imageframe imageframe-none imageframe-1 hover-type-none\"><img decoding=\"async\" width=\"1465\" height=\"2048\" src=\"data:image\/svg+xml,%3Csvg%20xmlns%3D%27http%3A%2F%2Fwww.w3.org%2F2000%2Fsvg%27%20width%3D%271465%27%20height%3D%272048%27%20viewBox%3D%270%200%201465%202048%27%3E%3Crect%20width%3D%271465%27%20height%3D%272048%27%20fill-opacity%3D%220%22%2F%3E%3C%2Fsvg%3E\" data-orig-src=\"https:\/\/nexusinstitut.de\/wp-content\/uploads\/2023\/03\/Philipp-Offermann_verkleinert-scaled-e1678702693794.jpg\" alt class=\"lazyload img-responsive wp-image-11376\"\/><\/span><\/div><\/div><\/div><div class=\"fusion-layout-column fusion_builder_column fusion-builder-column-1 fusion_builder_column_2_3 2_3 fusion-flex-column\" style=\"--awb-bg-blend:overlay;--awb-bg-size:cover;--awb-width-large:66.666666666667%;--awb-margin-top-large:0px;--awb-spacing-right-large:2.88%;--awb-margin-bottom-large:20px;--awb-spacing-left-large:2.88%;--awb-width-medium:100%;--awb-spacing-right-medium:1.92%;--awb-spacing-left-medium:1.92%;--awb-width-small:100%;--awb-spacing-right-small:1.92%;--awb-spacing-left-small:1.92%;\"><div class=\"fusion-column-wrapper fusion-flex-justify-content-flex-start fusion-content-layout-column\"><div class=\"fusion-text fusion-text-1\" style=\"--awb-text-transform:none;\"><h1 data-fontsize=\"48\" data-lineheight=\"60\"><strong>Philipp Offermann<br \/>\n<\/strong><\/h1>\n<p>Research Associate<br \/>\ntel.: +49 30 4220664-26<br \/>\noffermann@nexusinstitut.de<\/p>\n<\/div><div class=\"fusion-separator\" style=\"align-self: flex-start;margin-right:auto;margin-top:0px;margin-bottom:5%;width:100%;max-width:80%;\"><div class=\"fusion-separator-border sep-single sep-solid\" style=\"--awb-height:20px;--awb-amount:20px;--awb-sep-color:#54e881;border-color:#54e881;border-top-width:1px;\"><\/div><\/div>\n<div class=\"fusion-text fusion-text-2\" style=\"--awb-text-transform:none;\"><p>Philipp Offermann studied political science, sociology and social anthropology at the Westf\u00e4lische Wilhelms-Universit\u00e4t M\u00fcnster. Since 2008, he has been involved in research and knowledge transfer projects in all three disciplines: as a visual anthropologist, editor, project coordinator, author and project manager. Thematically, he worked on radicalisation and extremism, disaster management and the social dimensions of security and freedom. He has joined nexus in 2023 as a research associate in the \u201cNetworks and Society\u201d unit.<\/p>\n<\/div><div class=\"fusion-separator\" style=\"align-self: flex-start;margin-right:auto;margin-top:0px;margin-bottom:5%;width:100%;max-width:80%;\"><div class=\"fusion-separator-border sep-single sep-solid\" style=\"--awb-height:20px;--awb-amount:20px;--awb-sep-color:#54e881;border-color:#54e881;border-top-width:1px;\"><\/div><\/div>\n<\/div><\/div><\/div><\/div>\n","protected":false},"excerpt":{"rendered":"","protected":false},"author":6,"featured_media":0,"parent":3285,"menu_order":0,"comment_status":"closed","ping_status":"closed","template":"100-width.php","meta":{"footnotes":""},"class_list":["post-11326","page","type-page","status-publish","hentry"],"yoast_head":"<!-- This site is optimized with the Yoast SEO plugin v27.5 - https:\/\/yoast.com\/product\/yoast-seo-wordpress\/ -->\n<title>Philipp Offermann - Research Associate<\/title>\n<meta name=\"robots\" content=\"index, follow, max-snippet:-1, max-image-preview:large, max-video-preview:-1\" \/>\n<link rel=\"canonical\" href=\"https:\/\/nexusinstitut.de\/en\/about-us\/philipp-offermann\/\" \/>\n<meta property=\"og:locale\" content=\"en_US\" \/>\n<meta property=\"og:type\" content=\"article\" \/>\n<meta property=\"og:title\" content=\"Philipp Offermann - Research Associate\" \/>\n<meta property=\"og:url\" content=\"https:\/\/nexusinstitut.de\/en\/about-us\/philipp-offermann\/\" \/>\n<meta property=\"og:site_name\" content=\"nexus\" \/>\n<meta property=\"article:modified_time\" content=\"2025-12-08T11:56:21+00:00\" \/>\n<meta name=\"twitter:card\" content=\"summary_large_image\" \/>\n<meta name=\"twitter:label1\" content=\"Est. reading time\" \/>\n\t<meta name=\"twitter:data1\" content=\"2 minutes\" \/>\n<script type=\"application\/ld+json\" class=\"yoast-schema-graph\">{\"@context\":\"https:\\\/\\\/schema.org\",\"@graph\":[{\"@type\":\"WebPage\",\"@id\":\"https:\\\/\\\/nexusinstitut.de\\\/en\\\/about-us\\\/philipp-offermann\\\/\",\"url\":\"https:\\\/\\\/nexusinstitut.de\\\/en\\\/about-us\\\/philipp-offermann\\\/\",\"name\":\"Philipp Offermann - Research Associate\",\"isPartOf\":{\"@id\":\"https:\\\/\\\/nexusinstitut.de\\\/en\\\/#website\"},\"datePublished\":\"2023-03-01T12:22:17+00:00\",\"dateModified\":\"2025-12-08T11:56:21+00:00\",\"breadcrumb\":{\"@id\":\"https:\\\/\\\/nexusinstitut.de\\\/en\\\/about-us\\\/philipp-offermann\\\/#breadcrumb\"},\"inLanguage\":\"en-US\",\"potentialAction\":[{\"@type\":\"ReadAction\",\"target\":[\"https:\\\/\\\/nexusinstitut.de\\\/en\\\/about-us\\\/philipp-offermann\\\/\"]}]},{\"@type\":\"BreadcrumbList\",\"@id\":\"https:\\\/\\\/nexusinstitut.de\\\/en\\\/about-us\\\/philipp-offermann\\\/#breadcrumb\",\"itemListElement\":[{\"@type\":\"ListItem\",\"position\":1,\"name\":\"Startseite\",\"item\":\"https:\\\/\\\/nexusinstitut.de\\\/en\\\/\"},{\"@type\":\"ListItem\",\"position\":2,\"name\":\"About us\",\"item\":\"https:\\\/\\\/nexusinstitut.de\\\/en\\\/about-us\\\/\"},{\"@type\":\"ListItem\",\"position\":3,\"name\":\"Philipp Offermann\"}]},{\"@type\":\"WebSite\",\"@id\":\"https:\\\/\\\/nexusinstitut.de\\\/en\\\/#website\",\"url\":\"https:\\\/\\\/nexusinstitut.de\\\/en\\\/\",\"name\":\"nexus\",\"description\":\"Institut f\u00fcr Forschung, Beratung und Beteiligung\",\"publisher\":{\"@id\":\"https:\\\/\\\/nexusinstitut.de\\\/en\\\/#organization\"},\"potentialAction\":[{\"@type\":\"SearchAction\",\"target\":{\"@type\":\"EntryPoint\",\"urlTemplate\":\"https:\\\/\\\/nexusinstitut.de\\\/en\\\/?s={search_term_string}\"},\"query-input\":{\"@type\":\"PropertyValueSpecification\",\"valueRequired\":true,\"valueName\":\"search_term_string\"}}],\"inLanguage\":\"en-US\"},{\"@type\":\"Organization\",\"@id\":\"https:\\\/\\\/nexusinstitut.de\\\/en\\\/#organization\",\"name\":\"nexus Institut\",\"url\":\"https:\\\/\\\/nexusinstitut.de\\\/en\\\/\",\"logo\":{\"@type\":\"ImageObject\",\"inLanguage\":\"en-US\",\"@id\":\"https:\\\/\\\/nexusinstitut.de\\\/en\\\/#\\\/schema\\\/logo\\\/image\\\/\",\"url\":\"https:\\\/\\\/nexusinstitut.de\\\/wp-content\\\/uploads\\\/2019\\\/01\\\/nexus-Logo.png\",\"contentUrl\":\"https:\\\/\\\/nexusinstitut.de\\\/wp-content\\\/uploads\\\/2019\\\/01\\\/nexus-Logo.png\",\"width\":569,\"height\":278,\"caption\":\"nexus Institut\"},\"image\":{\"@id\":\"https:\\\/\\\/nexusinstitut.de\\\/en\\\/#\\\/schema\\\/logo\\\/image\\\/\"}}]}<\/script>\n<!-- \/ Yoast SEO plugin. -->","yoast_head_json":{"title":"Philipp Offermann - Research Associate","robots":{"index":"index","follow":"follow","max-snippet":"max-snippet:-1","max-image-preview":"max-image-preview:large","max-video-preview":"max-video-preview:-1"},"canonical":"https:\/\/nexusinstitut.de\/en\/about-us\/philipp-offermann\/","og_locale":"en_US","og_type":"article","og_title":"Philipp Offermann - Research Associate","og_url":"https:\/\/nexusinstitut.de\/en\/about-us\/philipp-offermann\/","og_site_name":"nexus","article_modified_time":"2025-12-08T11:56:21+00:00","twitter_card":"summary_large_image","twitter_misc":{"Est. reading time":"2 minutes"},"schema":{"@context":"https:\/\/schema.org","@graph":[{"@type":"WebPage","@id":"https:\/\/nexusinstitut.de\/en\/about-us\/philipp-offermann\/","url":"https:\/\/nexusinstitut.de\/en\/about-us\/philipp-offermann\/","name":"Philipp Offermann - Research Associate","isPartOf":{"@id":"https:\/\/nexusinstitut.de\/en\/#website"},"datePublished":"2023-03-01T12:22:17+00:00","dateModified":"2025-12-08T11:56:21+00:00","breadcrumb":{"@id":"https:\/\/nexusinstitut.de\/en\/about-us\/philipp-offermann\/#breadcrumb"},"inLanguage":"en-US","potentialAction":[{"@type":"ReadAction","target":["https:\/\/nexusinstitut.de\/en\/about-us\/philipp-offermann\/"]}]},{"@type":"BreadcrumbList","@id":"https:\/\/nexusinstitut.de\/en\/about-us\/philipp-offermann\/#breadcrumb","itemListElement":[{"@type":"ListItem","position":1,"name":"Startseite","item":"https:\/\/nexusinstitut.de\/en\/"},{"@type":"ListItem","position":2,"name":"About us","item":"https:\/\/nexusinstitut.de\/en\/about-us\/"},{"@type":"ListItem","position":3,"name":"Philipp Offermann"}]},{"@type":"WebSite","@id":"https:\/\/nexusinstitut.de\/en\/#website","url":"https:\/\/nexusinstitut.de\/en\/","name":"nexus","description":"Institut f\u00fcr Forschung, Beratung und Beteiligung","publisher":{"@id":"https:\/\/nexusinstitut.de\/en\/#organization"},"potentialAction":[{"@type":"SearchAction","target":{"@type":"EntryPoint","urlTemplate":"https:\/\/nexusinstitut.de\/en\/?s={search_term_string}"},"query-input":{"@type":"PropertyValueSpecification","valueRequired":true,"valueName":"search_term_string"}}],"inLanguage":"en-US"},{"@type":"Organization","@id":"https:\/\/nexusinstitut.de\/en\/#organization","name":"nexus Institut","url":"https:\/\/nexusinstitut.de\/en\/","logo":{"@type":"ImageObject","inLanguage":"en-US","@id":"https:\/\/nexusinstitut.de\/en\/#\/schema\/logo\/image\/","url":"https:\/\/nexusinstitut.de\/wp-content\/uploads\/2019\/01\/nexus-Logo.png","contentUrl":"https:\/\/nexusinstitut.de\/wp-content\/uploads\/2019\/01\/nexus-Logo.png","width":569,"height":278,"caption":"nexus Institut"},"image":{"@id":"https:\/\/nexusinstitut.de\/en\/#\/schema\/logo\/image\/"}}]}},"_links":{"self":[{"href":"https:\/\/nexusinstitut.de\/en\/wp-json\/wp\/v2\/pages\/11326","targetHints":{"allow":["GET"]}}],"collection":[{"href":"https:\/\/nexusinstitut.de\/en\/wp-json\/wp\/v2\/pages"}],"about":[{"href":"https:\/\/nexusinstitut.de\/en\/wp-json\/wp\/v2\/types\/page"}],"author":[{"embeddable":true,"href":"https:\/\/nexusinstitut.de\/en\/wp-json\/wp\/v2\/users\/6"}],"replies":[{"embeddable":true,"href":"https:\/\/nexusinstitut.de\/en\/wp-json\/wp\/v2\/comments?post=11326"}],"version-history":[{"count":5,"href":"https:\/\/nexusinstitut.de\/en\/wp-json\/wp\/v2\/pages\/11326\/revisions"}],"predecessor-version":[{"id":18246,"href":"https:\/\/nexusinstitut.de\/en\/wp-json\/wp\/v2\/pages\/11326\/revisions\/18246"}],"up":[{"embeddable":true,"href":"https:\/\/nexusinstitut.de\/en\/wp-json\/wp\/v2\/pages\/3285"}],"wp:attachment":[{"href":"https:\/\/nexusinstitut.de\/en\/wp-json\/wp\/v2\/media?parent=11326"}],"curies":[{"name":"wp","href":"https:\/\/api.w.org\/{rel}","templated":true}]}}